{"id":2066,"date":"2023-06-28T14:22:59","date_gmt":"2023-06-28T14:22:59","guid":{"rendered":"http:\/\/preview.epccheckup.com\/?page_id=2066"},"modified":"2024-01-03T15:39:24","modified_gmt":"2024-01-03T15:39:24","slug":"veranstaltungen","status":"publish","type":"page","link":"http:\/\/epccheckup.com\/fr\/veranstaltungen\/","title":{"rendered":"\u00c9v\u00e9nements"},"content":{"rendered":"<div data-elementor-type=\"wp-page\" data-elementor-id=\"2066\" class=\"elementor elementor-2066\" data-elementor-post-type=\"page\">\n\t\t\t\t\t\t<section class=\"elementor-section elementor-top-section elementor-element elementor-element-12482ca0 elementor-section-height-min-height elementor-section-boxed elementor-section-height-default elementor-section-items-middle wpr-particle-no wpr-jarallax-no wpr-parallax-no wpr-sticky-section-no wpr-equal-height-no\" data-id=\"12482ca0\" data-element_type=\"section\" data-e-type=\"section\" data-settings=\"{&quot;background_background&quot;:&quot;classic&quot;}\">\n\t\t\t\t\t\t\t<div class=\"elementor-background-overlay\"><\/div>\n\t\t\t\t\t\t\t<div class=\"elementor-container elementor-column-gap-default\">\n\t\t\t\t\t<div class=\"elementor-column elementor-col-100 elementor-top-column elementor-element elementor-element-02c3ee1\" data-id=\"02c3ee1\" data-element_type=\"column\" data-e-type=\"column\">\n\t\t\t<div class=\"elementor-widget-wrap\">\n\t\t\t\t\t\t\t<\/div>\n\t\t<\/div>\n\t\t\t\t\t<\/div>\n\t\t<\/section>\n\t\t<div class=\"elementor-element elementor-element-1f220e7e e-flex e-con-boxed wpr-particle-no wpr-jarallax-no wpr-parallax-no wpr-sticky-section-no wpr-equal-height-no e-con e-parent\" data-id=\"1f220e7e\" data-element_type=\"container\" data-e-type=\"container\">\n\t\t\t\t\t<div class=\"e-con-inner\">\n\t\t<div class=\"elementor-element elementor-element-29bc788 e-flex e-con-boxed wpr-particle-no wpr-jarallax-no wpr-parallax-no wpr-sticky-section-no wpr-equal-height-no e-con e-child\" data-id=\"29bc788\" data-element_type=\"container\" data-e-type=\"container\">\n\t\t\t\t\t<div class=\"e-con-inner\">\n\t\t\t\t<div class=\"elementor-element elementor-element-79db0dd elementor-widget elementor-widget-heading\" data-id=\"79db0dd\" data-element_type=\"widget\" data-e-type=\"widget\" data-widget_type=\"heading.default\">\n\t\t\t\t<div class=\"elementor-widget-container\">\n\t\t\t\t\t<h2 class=\"elementor-heading-title elementor-size-default\">Activit\u00e9s de formation m\u00e9dicale continue en cours et \u00e0 venir<\/h2>\t\t\t\t<\/div>\n\t\t\t\t<\/div>\n\t\t\t\t<div class=\"elementor-element elementor-element-ef9c897 elementor-widget-divider--view-line elementor-widget elementor-widget-divider\" data-id=\"ef9c897\" data-element_type=\"widget\" data-e-type=\"widget\" data-widget_type=\"divider.default\">\n\t\t\t\t<div class=\"elementor-widget-container\">\n\t\t\t\t\t\t\t<div class=\"elementor-divider\">\n\t\t\t<span class=\"elementor-divider-separator\">\n\t\t\t\t\t\t<\/span>\n\t\t<\/div>\n\t\t\t\t\t\t<\/div>\n\t\t\t\t<\/div>\n\t\t\t\t<div class=\"elementor-element elementor-element-044bbb2 elementor-grid-3 elementor-grid-tablet-2 elementor-grid-mobile-1 elementor-posts--thumbnail-top elementor-posts--show-avatar elementor-card-shadow-yes elementor-posts__hover-gradient elementor-widget elementor-widget-posts\" data-id=\"044bbb2\" data-element_type=\"widget\" data-e-type=\"widget\" data-settings=\"{&quot;pagination_type&quot;:&quot;numbers&quot;,&quot;cards_columns&quot;:&quot;3&quot;,&quot;cards_columns_tablet&quot;:&quot;2&quot;,&quot;cards_columns_mobile&quot;:&quot;1&quot;,&quot;cards_row_gap&quot;:{&quot;unit&quot;:&quot;px&quot;,&quot;size&quot;:35,&quot;sizes&quot;:[]},&quot;cards_row_gap_tablet&quot;:{&quot;unit&quot;:&quot;px&quot;,&quot;size&quot;:&quot;&quot;,&quot;sizes&quot;:[]},&quot;cards_row_gap_mobile&quot;:{&quot;unit&quot;:&quot;px&quot;,&quot;size&quot;:&quot;&quot;,&quot;sizes&quot;:[]}}\" data-widget_type=\"posts.cards\">\n\t\t\t\t<div class=\"elementor-widget-container\">\n\t\t\t\t\t\t\t<div class=\"elementor-posts-container elementor-posts elementor-posts--skin-cards elementor-grid\" role=\"list\">\n\t\t\t\t<article class=\"elementor-post elementor-grid-item post-4746 post type-post status-publish format-standard has-post-thumbnail hentry category-aerztliche-fortbildungen category-check-up-medizin category-networking category-veranstaltungen tag-check-up-medizin tag-gesundheitsfoerderung tag-gesundheitsvorsorge tag-praeventionsmedizin tag-privatmedizin\" role=\"listitem\">\n\t\t\t<div class=\"elementor-post__card\">\n\t\t\t\t<a class=\"elementor-post__thumbnail__link\" href=\"http:\/\/epccheckup.com\/fr\/tag-der-privatmedizin\/\" tabindex=\"-1\" ><div class=\"elementor-post__thumbnail\"><img fetchpriority=\"high\" decoding=\"async\" width=\"300\" height=\"248\" src=\"https:\/\/epccheckup.com\/wp-content\/uploads\/2023\/10\/Untitled-4-300x248.jpg\" class=\"attachment-medium size-medium wp-image-4794\" alt=\"\" srcset=\"https:\/\/epccheckup.com\/wp-content\/uploads\/2023\/10\/Untitled-4-300x248.jpg 300w, https:\/\/epccheckup.com\/wp-content\/uploads\/2023\/10\/Untitled-4-14x12.jpg 14w, https:\/\/epccheckup.com\/wp-content\/uploads\/2023\/10\/Untitled-4.jpg 325w\" sizes=\"(max-width: 300px) 100vw, 300px\" \/><\/div><\/a>\n\t\t\t\t<div class=\"elementor-post__badge\">Formation m\u00e9dicale continue<\/div>\n\t\t\t\t<div class=\"elementor-post__avatar\">\n\t\t\t<img alt='European Prevention Center' src='https:\/\/secure.gravatar.com\/avatar\/7edde24a294324a06ef92fa2f313c646f1676a6801f289abaa0701a16f903e19?s=128&#038;d=mm&#038;r=g' srcset='https:\/\/secure.gravatar.com\/avatar\/7edde24a294324a06ef92fa2f313c646f1676a6801f289abaa0701a16f903e19?s=256&#038;d=mm&#038;r=g 2x' class='avatar avatar-128 photo' height='128' width='128' \/>\t\t<\/div>\n\t\t\t\t<div class=\"elementor-post__text\">\n\t\t\t\t<h3 class=\"elementor-post__title\">\n\t\t\t<a href=\"http:\/\/epccheckup.com\/fr\/tag-der-privatmedizin\/\" >\n\t\t\t\tJourn\u00e9e de la m\u00e9decine priv\u00e9e\t\t\t<\/a>\n\t\t<\/h3>\n\t\t\t\t<div class=\"elementor-post__excerpt\">\n\t\t\t<p>Dans le cadre de la Journ\u00e9e de la m\u00e9decine priv\u00e9e 2023, l'Association f\u00e9d\u00e9rale des m\u00e9decins priv\u00e9s (PBV) propose, en collaboration avec le Dr Wolfgang Grebe, interniste et m\u00e9decin du sport, ainsi que le professeur Uwe Nixdorff, interniste, cardiologue et m\u00e9decin du sport, la formation continue certifi\u00e9e sur le th\u00e8me principal d'activit\u00e9 \"CHECK-UP-MEDIZIN - Module de pr\u00e9vention cardiovasculaire\" en tant qu'\u00e9v\u00e9nement satellite du congr\u00e8s. Vous trouverez plus d'informations dans la brochure d'accompagnement : Journ\u00e9e de la m\u00e9decine priv\u00e9e 2023\u00a0<\/p>\n\t\t<\/div>\n\t\t\n\t\t<a class=\"elementor-post__read-more\" href=\"http:\/\/epccheckup.com\/fr\/tag-der-privatmedizin\/\" aria-label=\"Read more about Journ\u00e9e de la m\u00e9decine priv\u00e9e\" tabindex=\"-1\" >\n\t\t\tLire la suite \"\t\t<\/a>\n\n\t\t\t\t<\/div>\n\t\t\t\t<div class=\"elementor-post__meta-data\">\n\t\t\t\t\t<span class=\"elementor-post-date\">\n\t\t\t1er octobre 2023\t\t<\/span>\n\t\t\t\t<span class=\"elementor-post-avatar\">\n\t\t\tPas de commentaires\t\t<\/span>\n\t\t\t\t<\/div>\n\t\t\t\t\t<\/div>\n\t\t<\/article>\n\t\t\t\t<\/div>\n\t\t\n\t\t\t\t\t\t<\/div>\n\t\t\t\t<\/div>\n\t\t\t\t<div class=\"elementor-element elementor-element-e42fbc1 elementor-widget elementor-widget-heading\" data-id=\"e42fbc1\" data-element_type=\"widget\" data-e-type=\"widget\" data-widget_type=\"heading.default\">\n\t\t\t\t<div class=\"elementor-widget-container\">\n\t\t\t\t\t<h2 class=\"elementor-heading-title elementor-size-default\">Exposition d'art \u00e0 l'EPC<\/h2>\t\t\t\t<\/div>\n\t\t\t\t<\/div>\n\t\t\t\t<div class=\"elementor-element elementor-element-3ff5c3b elementor-widget-divider--view-line elementor-widget elementor-widget-divider\" data-id=\"3ff5c3b\" data-element_type=\"widget\" data-e-type=\"widget\" data-widget_type=\"divider.default\">\n\t\t\t\t<div class=\"elementor-widget-container\">\n\t\t\t\t\t\t\t<div class=\"elementor-divider\">\n\t\t\t<span class=\"elementor-divider-separator\">\n\t\t\t\t\t\t<\/span>\n\t\t<\/div>\n\t\t\t\t\t\t<\/div>\n\t\t\t\t<\/div>\n\t\t\t\t<div class=\"elementor-element elementor-element-1548759 elementor-grid-3 elementor-grid-tablet-2 elementor-grid-mobile-1 elementor-posts--thumbnail-top elementor-posts--show-avatar elementor-card-shadow-yes elementor-posts__hover-gradient elementor-widget elementor-widget-posts\" data-id=\"1548759\" data-element_type=\"widget\" data-e-type=\"widget\" data-settings=\"{&quot;pagination_type&quot;:&quot;numbers&quot;,&quot;cards_columns&quot;:&quot;3&quot;,&quot;cards_columns_tablet&quot;:&quot;2&quot;,&quot;cards_columns_mobile&quot;:&quot;1&quot;,&quot;cards_row_gap&quot;:{&quot;unit&quot;:&quot;px&quot;,&quot;size&quot;:35,&quot;sizes&quot;:[]},&quot;cards_row_gap_tablet&quot;:{&quot;unit&quot;:&quot;px&quot;,&quot;size&quot;:&quot;&quot;,&quot;sizes&quot;:[]},&quot;cards_row_gap_mobile&quot;:{&quot;unit&quot;:&quot;px&quot;,&quot;size&quot;:&quot;&quot;,&quot;sizes&quot;:[]}}\" data-widget_type=\"posts.cards\">\n\t\t\t\t<div class=\"elementor-widget-container\">\n\t\t\t\t\t\t\t<div class=\"elementor-posts-container elementor-posts elementor-posts--skin-cards elementor-grid\" role=\"list\">\n\t\t\t\t<article class=\"elementor-post elementor-grid-item post-6028 post type-post status-publish format-standard has-post-thumbnail hentry category-kunstausstellungen category-networking category-veranstaltungen\" role=\"listitem\">\n\t\t\t<div class=\"elementor-post__card\">\n\t\t\t\t<a class=\"elementor-post__thumbnail__link\" href=\"http:\/\/epccheckup.com\/fr\/pfade-der-neugier\/\" tabindex=\"-1\" ><div class=\"elementor-post__thumbnail\"><img decoding=\"async\" width=\"300\" height=\"152\" src=\"https:\/\/epccheckup.com\/wp-content\/uploads\/2024\/03\/dd-300x152.jpg\" class=\"attachment-medium size-medium wp-image-6039\" alt=\"\" srcset=\"https:\/\/epccheckup.com\/wp-content\/uploads\/2024\/03\/dd-300x152.jpg 300w, https:\/\/epccheckup.com\/wp-content\/uploads\/2024\/03\/dd-768x388.jpg 768w, https:\/\/epccheckup.com\/wp-content\/uploads\/2024\/03\/dd-18x9.jpg 18w, https:\/\/epccheckup.com\/wp-content\/uploads\/2024\/03\/dd.jpg 827w\" sizes=\"(max-width: 300px) 100vw, 300px\" \/><\/div><\/a>\n\t\t\t\t<div class=\"elementor-post__badge\">Expositions d'art<\/div>\n\t\t\t\t<div class=\"elementor-post__avatar\">\n\t\t\t<img alt='European Prevention Center' src='https:\/\/secure.gravatar.com\/avatar\/7edde24a294324a06ef92fa2f313c646f1676a6801f289abaa0701a16f903e19?s=128&#038;d=mm&#038;r=g' srcset='https:\/\/secure.gravatar.com\/avatar\/7edde24a294324a06ef92fa2f313c646f1676a6801f289abaa0701a16f903e19?s=256&#038;d=mm&#038;r=g 2x' class='avatar avatar-128 photo' height='128' width='128' \/>\t\t<\/div>\n\t\t\t\t<div class=\"elementor-post__text\">\n\t\t\t\t<h3 class=\"elementor-post__title\">\n\t\t\t<a href=\"http:\/\/epccheckup.com\/fr\/pfade-der-neugier\/\" >\n\t\t\t\tSentiers de la curiosit\u00e9\t\t\t<\/a>\n\t\t<\/h3>\n\t\t\n\t\t<a class=\"elementor-post__read-more\" href=\"http:\/\/epccheckup.com\/fr\/pfade-der-neugier\/\" aria-label=\"Read more about Sentiers de la curiosit\u00e9\" tabindex=\"-1\" >\n\t\t\tLire la suite \"\t\t<\/a>\n\n\t\t\t\t<\/div>\n\t\t\t\t<div class=\"elementor-post__meta-data\">\n\t\t\t\t\t<span class=\"elementor-post-date\">\n\t\t\tMarch 6, 2024\t\t<\/span>\n\t\t\t\t<span class=\"elementor-post-avatar\">\n\t\t\tPas de commentaires\t\t<\/span>\n\t\t\t\t<\/div>\n\t\t\t\t\t<\/div>\n\t\t<\/article>\n\t\t\t\t<article class=\"elementor-post elementor-grid-item post-4840 post type-post status-publish format-standard has-post-thumbnail hentry category-kunstausstellungen category-veranstaltungen\" role=\"listitem\">\n\t\t\t<div class=\"elementor-post__card\">\n\t\t\t\t<a class=\"elementor-post__thumbnail__link\" href=\"http:\/\/epccheckup.com\/fr\/robert-pufleb-photography-comming-soon-2023\/\" tabindex=\"-1\" ><div class=\"elementor-post__thumbnail\"><img decoding=\"async\" width=\"300\" height=\"300\" src=\"https:\/\/epccheckup.com\/wp-content\/uploads\/2023\/07\/ufo1-300x300.jpg\" class=\"attachment-medium size-medium wp-image-3421\" alt=\"\" srcset=\"https:\/\/epccheckup.com\/wp-content\/uploads\/2023\/07\/ufo1-300x300.jpg 300w, https:\/\/epccheckup.com\/wp-content\/uploads\/2023\/07\/ufo1-150x150.jpg 150w, https:\/\/epccheckup.com\/wp-content\/uploads\/2023\/07\/ufo1-768x768.jpg 768w, https:\/\/epccheckup.com\/wp-content\/uploads\/2023\/07\/ufo1.jpg 800w\" sizes=\"(max-width: 300px) 100vw, 300px\" \/><\/div><\/a>\n\t\t\t\t<div class=\"elementor-post__badge\">Expositions d'art<\/div>\n\t\t\t\t<div class=\"elementor-post__avatar\">\n\t\t\t<img alt='European Prevention Center' src='https:\/\/secure.gravatar.com\/avatar\/7edde24a294324a06ef92fa2f313c646f1676a6801f289abaa0701a16f903e19?s=128&#038;d=mm&#038;r=g' srcset='https:\/\/secure.gravatar.com\/avatar\/7edde24a294324a06ef92fa2f313c646f1676a6801f289abaa0701a16f903e19?s=256&#038;d=mm&#038;r=g 2x' class='avatar avatar-128 photo' height='128' width='128' \/>\t\t<\/div>\n\t\t\t\t<div class=\"elementor-post__text\">\n\t\t\t\t<h3 class=\"elementor-post__title\">\n\t\t\t<a href=\"http:\/\/epccheckup.com\/fr\/robert-pufleb-photography-comming-soon-2023\/\" >\n\t\t\t\tRobert Pufleb | Photographie | Coming Soon 2023\t\t\t<\/a>\n\t\t<\/h3>\n\t\t\n\t\t<a class=\"elementor-post__read-more\" href=\"http:\/\/epccheckup.com\/fr\/robert-pufleb-photography-comming-soon-2023\/\" aria-label=\"Read more about Robert Pufleb | Photographie | Coming Soon 2023\" tabindex=\"-1\" >\n\t\t\tLire la suite \"\t\t<\/a>\n\n\t\t\t\t<\/div>\n\t\t\t\t<div class=\"elementor-post__meta-data\">\n\t\t\t\t\t<span class=\"elementor-post-date\">\n\t\t\t2 octobre 2023\t\t<\/span>\n\t\t\t\t<span class=\"elementor-post-avatar\">\n\t\t\tPas de commentaires\t\t<\/span>\n\t\t\t\t<\/div>\n\t\t\t\t\t<\/div>\n\t\t<\/article>\n\t\t\t\t<article class=\"elementor-post elementor-grid-item post-4886 post type-post status-publish format-standard has-post-thumbnail hentry category-kunstausstellungen category-veranstaltungen category-vergangen\" role=\"listitem\">\n\t\t\t<div class=\"elementor-post__card\">\n\t\t\t\t<a class=\"elementor-post__thumbnail__link\" href=\"http:\/\/epccheckup.com\/fr\/haarscharf-am-paradies-vorbei\/\" tabindex=\"-1\" ><div class=\"elementor-post__thumbnail\"><img loading=\"lazy\" decoding=\"async\" width=\"300\" height=\"153\" src=\"https:\/\/epccheckup.com\/wp-content\/uploads\/2023\/07\/2.-AK-Einladung-Rosario_Page_1-300x153.jpg\" class=\"attachment-medium size-medium wp-image-2957\" alt=\"\" srcset=\"https:\/\/epccheckup.com\/wp-content\/uploads\/2023\/07\/2.-AK-Einladung-Rosario_Page_1-300x153.jpg 300w, https:\/\/epccheckup.com\/wp-content\/uploads\/2023\/07\/2.-AK-Einladung-Rosario_Page_1-1024x522.jpg 1024w, https:\/\/epccheckup.com\/wp-content\/uploads\/2023\/07\/2.-AK-Einladung-Rosario_Page_1-768x392.jpg 768w, https:\/\/epccheckup.com\/wp-content\/uploads\/2023\/07\/2.-AK-Einladung-Rosario_Page_1-1536x783.jpg 1536w, https:\/\/epccheckup.com\/wp-content\/uploads\/2023\/07\/2.-AK-Einladung-Rosario_Page_1-2048x1044.jpg 2048w\" sizes=\"(max-width: 300px) 100vw, 300px\" \/><\/div><\/a>\n\t\t\t\t<div class=\"elementor-post__badge\">Expositions d'art<\/div>\n\t\t\t\t<div class=\"elementor-post__avatar\">\n\t\t\t<img alt='European Prevention Center' src='https:\/\/secure.gravatar.com\/avatar\/7edde24a294324a06ef92fa2f313c646f1676a6801f289abaa0701a16f903e19?s=128&#038;d=mm&#038;r=g' srcset='https:\/\/secure.gravatar.com\/avatar\/7edde24a294324a06ef92fa2f313c646f1676a6801f289abaa0701a16f903e19?s=256&#038;d=mm&#038;r=g 2x' class='avatar avatar-128 photo' height='128' width='128' \/>\t\t<\/div>\n\t\t\t\t<div class=\"elementor-post__text\">\n\t\t\t\t<h3 class=\"elementor-post__title\">\n\t\t\t<a href=\"http:\/\/epccheckup.com\/fr\/haarscharf-am-paradies-vorbei\/\" >\n\t\t\t\t\"A deux doigts du paradis\"\t\t\t<\/a>\n\t\t<\/h3>\n\t\t\n\t\t<a class=\"elementor-post__read-more\" href=\"http:\/\/epccheckup.com\/fr\/haarscharf-am-paradies-vorbei\/\" aria-label=\"Read more about \u201ePasser \u00e0 deux doigts du paradis\u201c\" tabindex=\"-1\" >\n\t\t\tLire la suite \"\t\t<\/a>\n\n\t\t\t\t<\/div>\n\t\t\t\t<div class=\"elementor-post__meta-data\">\n\t\t\t\t\t<span class=\"elementor-post-date\">\n\t\t\t2 octobre 2022\t\t<\/span>\n\t\t\t\t<span class=\"elementor-post-avatar\">\n\t\t\tPas de commentaires\t\t<\/span>\n\t\t\t\t<\/div>\n\t\t\t\t\t<\/div>\n\t\t<\/article>\n\t\t\t\t<article class=\"elementor-post elementor-grid-item post-4906 post type-post status-publish format-standard has-post-thumbnail hentry category-kunstausstellungen category-veranstaltungen category-vergangen\" role=\"listitem\">\n\t\t\t<div class=\"elementor-post__card\">\n\t\t\t\t<a class=\"elementor-post__thumbnail__link\" href=\"http:\/\/epccheckup.com\/fr\/alegria\/\" tabindex=\"-1\" ><div class=\"elementor-post__thumbnail\"><img loading=\"lazy\" decoding=\"async\" width=\"297\" height=\"300\" src=\"https:\/\/epccheckup.com\/wp-content\/uploads\/2023\/06\/Alegria-2021-297x300.jpg\" class=\"attachment-medium size-medium wp-image-2068\" alt=\"\" srcset=\"https:\/\/epccheckup.com\/wp-content\/uploads\/2023\/06\/Alegria-2021-297x300.jpg 297w, https:\/\/epccheckup.com\/wp-content\/uploads\/2023\/06\/Alegria-2021-768x775.jpg 768w, https:\/\/epccheckup.com\/wp-content\/uploads\/2023\/06\/Alegria-2021.jpg 827w\" sizes=\"(max-width: 297px) 100vw, 297px\" \/><\/div><\/a>\n\t\t\t\t<div class=\"elementor-post__badge\">Expositions d'art<\/div>\n\t\t\t\t<div class=\"elementor-post__avatar\">\n\t\t\t<img alt='European Prevention Center' src='https:\/\/secure.gravatar.com\/avatar\/7edde24a294324a06ef92fa2f313c646f1676a6801f289abaa0701a16f903e19?s=128&#038;d=mm&#038;r=g' srcset='https:\/\/secure.gravatar.com\/avatar\/7edde24a294324a06ef92fa2f313c646f1676a6801f289abaa0701a16f903e19?s=256&#038;d=mm&#038;r=g 2x' class='avatar avatar-128 photo' height='128' width='128' \/>\t\t<\/div>\n\t\t\t\t<div class=\"elementor-post__text\">\n\t\t\t\t<h3 class=\"elementor-post__title\">\n\t\t\t<a href=\"http:\/\/epccheckup.com\/fr\/alegria\/\" >\n\t\t\t\tAlegria\t\t\t<\/a>\n\t\t<\/h3>\n\t\t\n\t\t<a class=\"elementor-post__read-more\" href=\"http:\/\/epccheckup.com\/fr\/alegria\/\" aria-label=\"Read more about Alegria\" tabindex=\"-1\" >\n\t\t\tLire la suite \"\t\t<\/a>\n\n\t\t\t\t<\/div>\n\t\t\t\t<div class=\"elementor-post__meta-data\">\n\t\t\t\t\t<span class=\"elementor-post-date\">\n\t\t\tnovembre 12, 2021\t\t<\/span>\n\t\t\t\t<span class=\"elementor-post-avatar\">\n\t\t\tPas de commentaires\t\t<\/span>\n\t\t\t\t<\/div>\n\t\t\t\t\t<\/div>\n\t\t<\/article>\n\t\t\t\t<article class=\"elementor-post elementor-grid-item post-4911 post type-post status-publish format-standard has-post-thumbnail hentry category-kunstausstellungen category-veranstaltungen category-vergangen\" role=\"listitem\">\n\t\t\t<div class=\"elementor-post__card\">\n\t\t\t\t<a class=\"elementor-post__thumbnail__link\" href=\"http:\/\/epccheckup.com\/fr\/natur-in-komposition\/\" tabindex=\"-1\" ><div class=\"elementor-post__thumbnail\"><img loading=\"lazy\" decoding=\"async\" width=\"300\" height=\"295\" src=\"https:\/\/epccheckup.com\/wp-content\/uploads\/2023\/06\/bcb582_2794acab38754677915c4573e2c089b3_mv2_d_2528_2489_s_4_2-300x295.jpg\" class=\"attachment-medium size-medium wp-image-2069\" alt=\"\" srcset=\"https:\/\/epccheckup.com\/wp-content\/uploads\/2023\/06\/bcb582_2794acab38754677915c4573e2c089b3_mv2_d_2528_2489_s_4_2-300x295.jpg 300w, https:\/\/epccheckup.com\/wp-content\/uploads\/2023\/06\/bcb582_2794acab38754677915c4573e2c089b3_mv2_d_2528_2489_s_4_2-768x756.jpg 768w, https:\/\/epccheckup.com\/wp-content\/uploads\/2023\/06\/bcb582_2794acab38754677915c4573e2c089b3_mv2_d_2528_2489_s_4_2.jpg 780w\" sizes=\"(max-width: 300px) 100vw, 300px\" \/><\/div><\/a>\n\t\t\t\t<div class=\"elementor-post__badge\">Expositions d'art<\/div>\n\t\t\t\t<div class=\"elementor-post__avatar\">\n\t\t\t<img alt='European Prevention Center' src='https:\/\/secure.gravatar.com\/avatar\/7edde24a294324a06ef92fa2f313c646f1676a6801f289abaa0701a16f903e19?s=128&#038;d=mm&#038;r=g' srcset='https:\/\/secure.gravatar.com\/avatar\/7edde24a294324a06ef92fa2f313c646f1676a6801f289abaa0701a16f903e19?s=256&#038;d=mm&#038;r=g 2x' class='avatar avatar-128 photo' height='128' width='128' \/>\t\t<\/div>\n\t\t\t\t<div class=\"elementor-post__text\">\n\t\t\t\t<h3 class=\"elementor-post__title\">\n\t\t\t<a href=\"http:\/\/epccheckup.com\/fr\/natur-in-komposition\/\" >\n\t\t\t\tLa nature en composition\t\t\t<\/a>\n\t\t<\/h3>\n\t\t\n\t\t<a class=\"elementor-post__read-more\" href=\"http:\/\/epccheckup.com\/fr\/natur-in-komposition\/\" aria-label=\"Read more about La nature en composition\" tabindex=\"-1\" >\n\t\t\tLire la suite \"\t\t<\/a>\n\n\t\t\t\t<\/div>\n\t\t\t\t<div class=\"elementor-post__meta-data\">\n\t\t\t\t\t<span class=\"elementor-post-date\">\n\t\t\tOctobre 18, 2018\t\t<\/span>\n\t\t\t\t<span class=\"elementor-post-avatar\">\n\t\t\tPas de commentaires\t\t<\/span>\n\t\t\t\t<\/div>\n\t\t\t\t\t<\/div>\n\t\t<\/article>\n\t\t\t\t<\/div>\n\t\t\n\t\t\t\t\t\t<\/div>\n\t\t\t\t<\/div>\n\t\t\t\t\t<\/div>\n\t\t\t\t<\/div>\n\t\t\t\t\t<\/div>\n\t\t\t\t<\/div>\n\t\t\t\t<\/div>","protected":false},"excerpt":{"rendered":"<p>Activit\u00e9s de formation m\u00e9dicale continue en cours et \u00e0 venir Exposition d'art \u00e0 l'EPC<\/p>","protected":false},"author":1,"featured_media":0,"parent":0,"menu_order":0,"comment_status":"closed","ping_status":"closed","template":"","meta":{"site-sidebar-layout":"no-sidebar","site-content-layout":"page-builder","ast-site-content-layout":"default","site-content-style":"default","site-sidebar-style":"default","ast-global-header-display":"","ast-banner-title-visibility":"","ast-main-header-display":"","ast-hfb-above-header-display":"","ast-hfb-below-header-display":"","ast-hfb-mobile-header-display":"","site-post-title":"disabled","ast-breadcrumbs-content":"","ast-featured-img":"disabled","footer-sml-layout":"","ast-disable-related-posts":"","theme-transparent-header-meta":"","adv-header-id-meta":"","stick-header-meta":"","header-above-stick-meta":"","header-main-stick-meta":"","header-below-stick-meta":"","astra-migrate-meta-layouts":"default","ast-page-background-enabled":"default","ast-page-background-meta":{"desktop":{"background-color":"var(--ast-global-color-4)","background-image":"","background-repeat":"repeat","background-position":"center center","background-size":"auto","background-attachment":"scroll","background-type":"","background-media":"","overlay-type":"","overlay-color":"","overlay-opacity":"","overlay-gradient":""},"tablet":{"background-color":"","background-image":"","background-repeat":"repeat","background-position":"center center","background-size":"auto","background-attachment":"scroll","background-type":"","background-media":"","overlay-type":"","overlay-color":"","overlay-opacity":"","overlay-gradient":""},"mobile":{"background-color":"","background-image":"","background-repeat":"repeat","background-position":"center center","background-size":"auto","background-attachment":"scroll","background-type":"","background-media":"","overlay-type":"","overlay-color":"","overlay-opacity":"","overlay-gradient":""}},"ast-content-background-meta":{"desktop":{"background-color":"var(--ast-global-color-5)","background-image":"","background-repeat":"repeat","background-position":"center center","background-size":"auto","background-attachment":"scroll","background-type":"","background-media":"","overlay-type":"","overlay-color":"","overlay-opacity":"","overlay-gradient":""},"tablet":{"background-color":"var(--ast-global-color-5)","background-image":"","background-repeat":"repeat","background-position":"center center","background-size":"auto","background-attachment":"scroll","background-type":"","background-media":"","overlay-type":"","overlay-color":"","overlay-opacity":"","overlay-gradient":""},"mobile":{"background-color":"var(--ast-global-color-5)","background-image":"","background-repeat":"repeat","background-position":"center center","background-size":"auto","background-attachment":"scroll","background-type":"","background-media":"","overlay-type":"","overlay-color":"","overlay-opacity":"","overlay-gradient":""}},"footnotes":""},"class_list":["post-2066","page","type-page","status-publish","hentry"],"_links":{"self":[{"href":"http:\/\/epccheckup.com\/fr\/wp-json\/wp\/v2\/pages\/2066","targetHints":{"allow":["GET"]}}],"collection":[{"href":"http:\/\/epccheckup.com\/fr\/wp-json\/wp\/v2\/pages"}],"about":[{"href":"http:\/\/epccheckup.com\/fr\/wp-json\/wp\/v2\/types\/page"}],"author":[{"embeddable":true,"href":"http:\/\/epccheckup.com\/fr\/wp-json\/wp\/v2\/users\/1"}],"replies":[{"embeddable":true,"href":"http:\/\/epccheckup.com\/fr\/wp-json\/wp\/v2\/comments?post=2066"}],"version-history":[{"count":105,"href":"http:\/\/epccheckup.com\/fr\/wp-json\/wp\/v2\/pages\/2066\/revisions"}],"predecessor-version":[{"id":5668,"href":"http:\/\/epccheckup.com\/fr\/wp-json\/wp\/v2\/pages\/2066\/revisions\/5668"}],"wp:attachment":[{"href":"http:\/\/epccheckup.com\/fr\/wp-json\/wp\/v2\/media?parent=2066"}],"curies":[{"name":"wp","href":"https:\/\/api.w.org\/{rel}","templated":true}]}}