{"id":2810,"date":"2023-07-11T16:45:15","date_gmt":"2023-07-11T16:45:15","guid":{"rendered":"http:\/\/preview.epccheckup.com\/?page_id=2810"},"modified":"2023-07-23T15:10:42","modified_gmt":"2023-07-23T15:10:42","slug":"impressum","status":"publish","type":"page","link":"https:\/\/epccheckup.com\/en\/impressum\/","title":{"rendered":"Imprint"},"content":{"rendered":"<div data-elementor-type=\"wp-page\" data-elementor-id=\"2810\" class=\"elementor elementor-2810\" data-elementor-post-type=\"page\">\n\t\t\t\t<div class=\"elementor-element elementor-element-ba0ad57 e-flex e-con-boxed wpr-particle-no wpr-jarallax-no wpr-parallax-no wpr-sticky-section-no e-con e-parent\" data-id=\"ba0ad57\" data-element_type=\"container\" data-e-type=\"container\">\n\t\t\t\t\t<div class=\"e-con-inner\">\n\t\t\t\t<div class=\"elementor-element elementor-element-14d48b0 elementor-widget elementor-widget-text-editor\" data-id=\"14d48b0\" data-element_type=\"widget\" data-e-type=\"widget\" data-widget_type=\"text-editor.default\">\n\t\t\t\t<div class=\"elementor-widget-container\">\n\t\t\t\t\t\t\t\t\t<div class=\"elementor-element elementor-element-04e8d2c elementor-widget elementor-widget-heading\" data-id=\"04e8d2c\" data-element_type=\"widget\" data-widget_type=\"heading.default\">\n<div class=\"elementor-widget-container\">\n<h2 class=\"elementor-heading-title elementor-size-default\">Imprint<\/h2>\n<div>&nbsp;<\/div>\n<\/div>\n<\/div>\n<div class=\"elementor-element elementor-element-bdd8ece elementor-widget elementor-widget-text-editor\" data-id=\"bdd8ece\" data-element_type=\"widget\" data-widget_type=\"text-editor.default\">\n<div class=\"elementor-widget-container\">\n<div class=\"elementor-text-editor elementor-clearfix\">\n<p>in accordance with \u00a7 5 of the German Telemedia Act:<br><br><\/p>\n<p>Name and address of the company:<\/p>\n<p>EPC GmbH - European Prevention Center<br>Luise-Rainer-Strasse 6-10<br>40235 D\u00fcsseldorf<br>Germany<\/p><p>Tel: 0211 838 628 50<\/p><p><br><\/p>\n<p>Managing Director: Prof. Dr. Uwe Nixdorff<\/p><p>Registered office of the company: D\u00fcsseldorf<\/p><p>Commercial register: HRB 72849<br>VAT no.: DE 256047729<\/p><p><br><\/p>\n<p><\/p>\n<\/div>\n<\/div>\n<\/div>\n<div class=\"elementor-element elementor-element-a3aa7d8 elementor-widget elementor-widget-heading\" data-id=\"a3aa7d8\" data-element_type=\"widget\" data-widget_type=\"heading.default\">\n<div class=\"elementor-widget-container\">\n<h2 class=\"elementor-heading-title elementor-size-default\">Disclaimer:<\/h2><div><br><\/div>\n<\/div>\n<\/div>\n<div class=\"elementor-element elementor-element-78bfabe elementor-widget elementor-widget-text-editor\" data-id=\"78bfabe\" data-element_type=\"widget\" data-widget_type=\"text-editor.default\">\n<div class=\"elementor-widget-container\">\n<div class=\"elementor-text-editor elementor-clearfix\">\n<ol class=\"first\">\n<li class=\"first\">\n<h3>Limitation of liability<\/h3>\n<p>The contents of this website are created with the greatest possible care. However, the provider does not guarantee the accuracy, completeness and timeliness of the content provided. The use of the contents of the website is at the user's own risk. Contributions identified by name reflect the opinion of the respective author and not always the opinion of the provider. The mere use of the provider's website does not constitute any contractual relationship between the user and the provider.<br><br><\/p><\/li><li><h3>External links<\/h3>\n<p>This website contains links to third-party websites (\"external links\"). These websites are subject to the liability of the respective operators. When the external links were first created, the provider checked the third-party content for any legal violations. At that time, no legal violations were apparent. The provider has no influence on the current and future design and content of the linked pages. The inclusion of external links does not imply that the provider adopts the content behind the reference or link as its own. Constant monitoring of these external links is not reasonable for the provider without concrete evidence of legal violations. However, such external links will be deleted immediately if legal violations become known.<br><br><\/p>\n<\/li>\n<li>\n<h3>Copyrights and ancillary copyrights<\/h3>\n<p>The content published on this website is subject to German copyright and ancillary copyright law. Any use not permitted by German copyright and ancillary copyright law requires the prior written consent of the provider or the respective rights holder. This applies in particular to the copying, editing, translation, storage, processing or reproduction of content in databases or other electronic media and systems. Contents and rights of third parties are marked as such. The unauthorized reproduction or distribution of individual content or complete pages is not permitted and is punishable by law. Only the production of copies and downloads for personal, private and non-commercial use is permitted. The display of this website in external frames is only permitted with written permission.<br><br><\/p>\n<\/li>\n<li>\n<h3>Special terms of use<\/h3>\n<p>Insofar as special conditions for individual uses of this website deviate from the aforementioned numbers 1. to 4., this will be expressly indicated at the appropriate place. In this case, the special terms of use shall apply in the respective individual case.<\/p>\n<p>Source: www.Juraforum.de - law portal with lawyer search<\/p>\n<\/li>\n<\/ol>\n<\/div>\n<\/div>\n<\/div>\t\t\t\t\t\t\t\t<\/div>\n\t\t\t\t<\/div>\n\t\t\t\t\t<\/div>\n\t\t\t\t<\/div>\n\t\t\t\t<\/div>","protected":false},"excerpt":{"rendered":"<p>Imprint according to \u00a7 5 Telemediengesetz: Name and address of the company: EPC GmbH - European Prevention CenterLuise-Rainer-Stra\u00dfe 6-1040235 D\u00fcsseldorfGermany Tel: 0211 838 628 50 Managing Director: Prof. Dr. Uwe Nixdorff Registered office of the company: D\u00fcsseldorf Commercial Register: HRB 72849USt-Id.-Nr.: DE 256047729 Disclaimer: Limitation of liability The content of this website has been compiled with the greatest possible care. However, the provider assumes no liability for the accuracy, completeness and timeliness of the content provided. The use of the contents of the website is at the user's own risk. Contributions identified by name reflect the opinion of the respective author and not always the opinion of the provider. The mere use of the provider's website does not create any contractual relationship between the user and the provider. External links This website contains links to third-party websites (\"external links\"). These websites are subject to the liability of the respective operators. When the external links were first created, the provider checked the third-party content for any legal violations. No legal violations were apparent at that time. The provider has no influence whatsoever on the current and future design and content of the linked pages. The inclusion of external links does not mean that the provider adopts the content behind the reference or link as its own. It is not reasonable for the provider to constantly monitor these external links without concrete evidence of legal violations. However, such external links will be deleted immediately if the provider becomes aware of any legal infringements. Copyright and ancillary copyright The content published on this website is subject to German copyright and ancillary copyright law. Any use not permitted by German copyright and ancillary copyright law requires the prior written consent of the provider or respective rights holder. This applies in particular to the duplication, editing, translation, storage, processing or reproduction of content in databases or other electronic media and systems. Third-party content and rights are identified as such. The unauthorized reproduction or distribution of individual contents or complete pages is not permitted and is punishable by law. Only the production of copies and downloads for personal, private and non-commercial use is permitted. The presentation of this website in external frames is only permitted with written permission. Special conditions of use Insofar as special conditions for individual uses of this website deviate from the aforementioned numbers 1 to 4, this will be expressly indicated at the appropriate point. In this case, the special terms of use apply in each individual case. Source: www.Juraforum.de - Legal portal with lawyer search<\/p>","protected":false},"author":1,"featured_media":0,"parent":0,"menu_order":0,"comment_status":"closed","ping_status":"closed","template":"","meta":{"site-sidebar-layout":"no-sidebar","site-content-layout":"page-builder","ast-site-content-layout":"default","site-content-style":"default","site-sidebar-style":"default","ast-global-header-display":"","ast-banner-title-visibility":"","ast-main-header-display":"","ast-hfb-above-header-display":"","ast-hfb-below-header-display":"","ast-hfb-mobile-header-display":"","site-post-title":"disabled","ast-breadcrumbs-content":"","ast-featured-img":"disabled","footer-sml-layout":"","ast-disable-related-posts":"","theme-transparent-header-meta":"","adv-header-id-meta":"","stick-header-meta":"","header-above-stick-meta":"","header-main-stick-meta":"","header-below-stick-meta":"","astra-migrate-meta-layouts":"default","ast-page-background-enabled":"default","ast-page-background-meta":{"desktop":{"background-color":"var(--ast-global-color-4)","background-image":"","background-repeat":"repeat","background-position":"center center","background-size":"auto","background-attachment":"scroll","background-type":"","background-media":"","overlay-type":"","overlay-color":"","overlay-opacity":"","overlay-gradient":""},"tablet":{"background-color":"","background-image":"","background-repeat":"repeat","background-position":"center center","background-size":"auto","background-attachment":"scroll","background-type":"","background-media":"","overlay-type":"","overlay-color":"","overlay-opacity":"","overlay-gradient":""},"mobile":{"background-color":"","background-image":"","background-repeat":"repeat","background-position":"center center","background-size":"auto","background-attachment":"scroll","background-type":"","background-media":"","overlay-type":"","overlay-color":"","overlay-opacity":"","overlay-gradient":""}},"ast-content-background-meta":{"desktop":{"background-color":"var(--ast-global-color-5)","background-image":"","background-repeat":"repeat","background-position":"center center","background-size":"auto","background-attachment":"scroll","background-type":"","background-media":"","overlay-type":"","overlay-color":"","overlay-opacity":"","overlay-gradient":""},"tablet":{"background-color":"var(--ast-global-color-5)","background-image":"","background-repeat":"repeat","background-position":"center center","background-size":"auto","background-attachment":"scroll","background-type":"","background-media":"","overlay-type":"","overlay-color":"","overlay-opacity":"","overlay-gradient":""},"mobile":{"background-color":"var(--ast-global-color-5)","background-image":"","background-repeat":"repeat","background-position":"center center","background-size":"auto","background-attachment":"scroll","background-type":"","background-media":"","overlay-type":"","overlay-color":"","overlay-opacity":"","overlay-gradient":""}},"footnotes":""},"class_list":["post-2810","page","type-page","status-publish","hentry"],"_links":{"self":[{"href":"https:\/\/epccheckup.com\/en\/wp-json\/wp\/v2\/pages\/2810","targetHints":{"allow":["GET"]}}],"collection":[{"href":"https:\/\/epccheckup.com\/en\/wp-json\/wp\/v2\/pages"}],"about":[{"href":"https:\/\/epccheckup.com\/en\/wp-json\/wp\/v2\/types\/page"}],"author":[{"embeddable":true,"href":"https:\/\/epccheckup.com\/en\/wp-json\/wp\/v2\/users\/1"}],"replies":[{"embeddable":true,"href":"https:\/\/epccheckup.com\/en\/wp-json\/wp\/v2\/comments?post=2810"}],"version-history":[{"count":0,"href":"https:\/\/epccheckup.com\/en\/wp-json\/wp\/v2\/pages\/2810\/revisions"}],"wp:attachment":[{"href":"https:\/\/epccheckup.com\/en\/wp-json\/wp\/v2\/media?parent=2810"}],"curies":[{"name":"wp","href":"https:\/\/api.w.org\/{rel}","templated":true}]}}