{"id":2810,"date":"2023-07-11T16:45:15","date_gmt":"2023-07-11T16:45:15","guid":{"rendered":"http:\/\/preview.epccheckup.com\/?page_id=2810"},"modified":"2023-07-23T15:10:42","modified_gmt":"2023-07-23T15:10:42","slug":"impressum","status":"publish","type":"page","link":"https:\/\/epccheckup.com\/nl\/impressum\/","title":{"rendered":"Afdruk"},"content":{"rendered":"<div data-elementor-type=\"wp-page\" data-elementor-id=\"2810\" class=\"elementor elementor-2810\" data-elementor-post-type=\"page\">\n\t\t\t\t<div class=\"elementor-element elementor-element-ba0ad57 e-flex e-con-boxed wpr-particle-no wpr-jarallax-no wpr-parallax-no wpr-sticky-section-no e-con e-parent\" data-id=\"ba0ad57\" data-element_type=\"container\" data-e-type=\"container\">\n\t\t\t\t\t<div class=\"e-con-inner\">\n\t\t\t\t<div class=\"elementor-element elementor-element-14d48b0 elementor-widget elementor-widget-text-editor\" data-id=\"14d48b0\" data-element_type=\"widget\" data-e-type=\"widget\" data-widget_type=\"text-editor.default\">\n\t\t\t\t<div class=\"elementor-widget-container\">\n\t\t\t\t\t\t\t\t\t<div class=\"elementor-element elementor-element-04e8d2c elementor-widget elementor-widget-heading\" data-id=\"04e8d2c\" data-element_type=\"widget\" data-widget_type=\"heading.default\">\n<div class=\"elementor-widget-container\">\n<h2 class=\"elementor-heading-title elementor-size-default\">Afdruk<\/h2>\n<div>&nbsp;<\/div>\n<\/div>\n<\/div>\n<div class=\"elementor-element elementor-element-bdd8ece elementor-widget elementor-widget-text-editor\" data-id=\"bdd8ece\" data-element_type=\"widget\" data-widget_type=\"text-editor.default\">\n<div class=\"elementor-widget-container\">\n<div class=\"elementor-text-editor elementor-clearfix\">\n<p>in overeenstemming met \u00a7 5 van de Duitse Telemediawet:<br><br><\/p>\n<p>Naam en adres van het bedrijf:<\/p>\n<p>EPC GmbH - Europees Centrum voor Preventie<br>Luise-Rainer-Stra\u00dfe 6-10<br>40235 D\u00fcsseldorf<br>Duitsland<\/p><p>Tel: 0211 838 628 50<\/p><p><br><\/p>\n<p>Directeur: Prof. Dr. Uwe Nixdorff<\/p><p>Geregistreerd kantoor van het bedrijf: D\u00fcsseldorf<\/p><p>Handelsregister: HRB 72849<br>BTW-nr.: DE 256047729<\/p><p><br><\/p>\n<p><\/p>\n<\/div>\n<\/div>\n<\/div>\n<div class=\"elementor-element elementor-element-a3aa7d8 elementor-widget elementor-widget-heading\" data-id=\"a3aa7d8\" data-element_type=\"widget\" data-widget_type=\"heading.default\">\n<div class=\"elementor-widget-container\">\n<h2 class=\"elementor-heading-title elementor-size-default\">Disclaimer:<\/h2><div><br><\/div>\n<\/div>\n<\/div>\n<div class=\"elementor-element elementor-element-78bfabe elementor-widget elementor-widget-text-editor\" data-id=\"78bfabe\" data-element_type=\"widget\" data-widget_type=\"text-editor.default\">\n<div class=\"elementor-widget-container\">\n<div class=\"elementor-text-editor elementor-clearfix\">\n<ol class=\"first\">\n<li class=\"first\">\n<h3>Beperking van aansprakelijkheid<\/h3>\n<p>De inhoud van deze website is met de grootst mogelijke zorgvuldigheid samengesteld. De aanbieder staat echter niet in voor de juistheid, volledigheid en actualiteit van de aangeboden inhoud. Het gebruik van de inhoud van de website is op eigen risico van de gebruiker. Bijdragen die met naam worden aangeduid geven de mening van de betreffende auteur weer en niet altijd de mening van de aanbieder. Het loutere gebruik van de website van de aanbieder vormt geen contractuele relatie tussen de gebruiker en de aanbieder.<br><br><\/p><\/li><li><h3>Externe links<\/h3>\n<p>Deze website bevat links naar websites van derden (\"externe links\"). Deze websites vallen onder de aansprakelijkheid van de respectieve beheerders. Toen de externe links voor het eerst werden gemaakt, heeft de aanbieder de externe inhoud gecontroleerd op eventuele juridische overtredingen. Op dat moment waren er geen wettelijke overtredingen zichtbaar. De aanbieder heeft geen invloed op de actuele en toekomstige vormgeving en inhoud van de gelinkte pagina's. Het opnemen van externe links betekent niet dat de aanbieder de inhoud achter de verwijzing of link als eigen overneemt. Een voortdurende controle van deze externe links is zonder concrete aanwijzingen van rechtsovertredingen niet redelijk voor de aanbieder. Als er echter wetsovertredingen bekend worden, worden dergelijke externe links onmiddellijk verwijderd.<br><br><\/p>\n<\/li>\n<li>\n<h3>Auteursrecht en naburige rechten<\/h3>\n<p>De op deze website gepubliceerde inhoud is onderworpen aan het Duitse auteursrecht en aanverwante wetgeving. Voor elk gebruik dat niet is toegestaan volgens het Duitse auteurs- en aanverwante recht is de voorafgaande schriftelijke toestemming van de aanbieder of de respectieve rechthebbende vereist. Dit geldt in het bijzonder voor het kopi\u00ebren, bewerken, vertalen, opslaan, verwerken of reproduceren van inhoud in databases of andere elektronische media en systemen. Inhoud en rechten van derden zijn als zodanig gemarkeerd. Ongeoorloofde reproductie of overdracht van afzonderlijke inhoud of volledige pagina's is niet toegestaan en strafbaar. Alleen het maken van kopie\u00ebn en downloads voor persoonlijk, priv\u00e9- en niet-commercieel gebruik is toegestaan. De weergave van deze website in externe frames is alleen toegestaan met schriftelijke toestemming.<br><br><\/p>\n<\/li>\n<li>\n<h3>Speciale gebruiksvoorwaarden<\/h3>\n<p>Voor zover bijzondere voorwaarden voor individueel gebruik van deze website afwijken van de bovengenoemde nummers 1. tot en met 4., wordt dit uitdrukkelijk aangegeven op de desbetreffende plaats. In dat geval gelden de speciale gebruiksvoorwaarden voor het betreffende individuele geval.<\/p>\n<p>Bron: www.Juraforum.de - Juridisch portaal met zoekfunctie voor advocaten<\/p>\n<\/li>\n<\/ol>\n<\/div>\n<\/div>\n<\/div>\t\t\t\t\t\t\t\t<\/div>\n\t\t\t\t<\/div>\n\t\t\t\t\t<\/div>\n\t\t\t\t<\/div>\n\t\t\t\t<\/div>","protected":false},"excerpt":{"rendered":"<p>Afdruk volgens \u00a7 5 Telemediengesetz: Naam en adres van het bedrijf: EPC GmbH - European Prevention CenterLuise-Rainer-Stra\u00dfe 6-1040235 D\u00fcsseldorfDuitsland Tel: 0211 838 628 50 Directeur: Prof. Dr. Uwe Nixdorff Statutaire zetel van het bedrijf: D\u00fcsseldorf Handelsregister: HRB 72849USt-Id.-Nr.: DE 256047729 Disclaimer: Beperking van aansprakelijkheid De inhoud van deze website is met de grootst mogelijke zorgvuldigheid samengesteld. De aanbieder is echter niet aansprakelijk voor de juistheid, volledigheid en actualiteit van de beschikbaar gestelde inhoud. Het gebruik van de inhoud van de website is op eigen risico van de gebruiker. Bijdragen met een naam geven de mening van de betreffende auteur weer en niet altijd de mening van de aanbieder. Het loutere gebruik van de website van de aanbieder cre\u00ebert geen contractuele relatie tussen de gebruiker en de aanbieder. Externe links Deze website bevat links naar websites van derden (\"externe links\"). Deze websites vallen onder de aansprakelijkheid van de respectieve beheerders. Bij het aanmaken van de externe links heeft de aanbieder de inhoud van derden gecontroleerd op eventuele wetsovertredingen. Op dat moment waren er geen wettelijke overtredingen zichtbaar. De aanbieder heeft geen enkele invloed op de actuele en toekomstige vormgeving en inhoud van de gelinkte pagina's. Het plaatsen van externe links betekent niet dat de aanbieder de inhoud achter de verwijzing of link als zijn eigen inhoud overneemt. Het is niet redelijk voor de aanbieder om deze externe links voortdurend te controleren zonder concreet bewijs van wetsovertredingen. Dergelijke externe links worden echter onmiddellijk verwijderd als de aanbieder zich bewust wordt van eventuele wetsovertredingen. Auteursrecht en bijkomend auteursrecht De op deze website gepubliceerde inhoud is onderworpen aan het Duitse auteursrecht en bijkomend auteursrecht. Voor elk gebruik dat niet is toegestaan volgens het Duitse auteurs- en aanverwante auteursrecht is de voorafgaande schriftelijke toestemming van de aanbieder of de respectieve rechthebbende vereist. Dit geldt in het bijzonder voor het dupliceren, bewerken, vertalen, opslaan, verwerken of reproduceren van inhoud in databases of andere elektronische media en systemen. Inhoud en rechten van derden zijn als zodanig gekenmerkt. Ongeoorloofde reproductie of verspreiding van afzonderlijke inhoud of volledige pagina's is niet toegestaan en strafbaar. Alleen de productie van kopie\u00ebn en downloads voor persoonlijk, priv\u00e9- en niet-commercieel gebruik is toegestaan. De presentatie van deze website in externe frames is alleen toegestaan met schriftelijke toestemming. Bijzondere gebruiksvoorwaarden Voor zover bijzondere voorwaarden voor individueel gebruik van deze website afwijken van de bovengenoemde nummers 1 tot en met 4, wordt dit op de desbetreffende plaats uitdrukkelijk vermeld. In dat geval gelden de bijzondere gebruiksvoorwaarden voor elk afzonderlijk geval. Bron: www.Juraforum.de - Juridisch portaal met zoekfunctie voor advocaten<\/p>","protected":false},"author":1,"featured_media":0,"parent":0,"menu_order":0,"comment_status":"closed","ping_status":"closed","template":"","meta":{"site-sidebar-layout":"no-sidebar","site-content-layout":"page-builder","ast-site-content-layout":"default","site-content-style":"default","site-sidebar-style":"default","ast-global-header-display":"","ast-banner-title-visibility":"","ast-main-header-display":"","ast-hfb-above-header-display":"","ast-hfb-below-header-display":"","ast-hfb-mobile-header-display":"","site-post-title":"disabled","ast-breadcrumbs-content":"","ast-featured-img":"disabled","footer-sml-layout":"","ast-disable-related-posts":"","theme-transparent-header-meta":"","adv-header-id-meta":"","stick-header-meta":"","header-above-stick-meta":"","header-main-stick-meta":"","header-below-stick-meta":"","astra-migrate-meta-layouts":"default","ast-page-background-enabled":"default","ast-page-background-meta":{"desktop":{"background-color":"var(--ast-global-color-4)","background-image":"","background-repeat":"repeat","background-position":"center center","background-size":"auto","background-attachment":"scroll","background-type":"","background-media":"","overlay-type":"","overlay-color":"","overlay-opacity":"","overlay-gradient":""},"tablet":{"background-color":"","background-image":"","background-repeat":"repeat","background-position":"center center","background-size":"auto","background-attachment":"scroll","background-type":"","background-media":"","overlay-type":"","overlay-color":"","overlay-opacity":"","overlay-gradient":""},"mobile":{"background-color":"","background-image":"","background-repeat":"repeat","background-position":"center center","background-size":"auto","background-attachment":"scroll","background-type":"","background-media":"","overlay-type":"","overlay-color":"","overlay-opacity":"","overlay-gradient":""}},"ast-content-background-meta":{"desktop":{"background-color":"var(--ast-global-color-5)","background-image":"","background-repeat":"repeat","background-position":"center center","background-size":"auto","background-attachment":"scroll","background-type":"","background-media":"","overlay-type":"","overlay-color":"","overlay-opacity":"","overlay-gradient":""},"tablet":{"background-color":"var(--ast-global-color-5)","background-image":"","background-repeat":"repeat","background-position":"center center","background-size":"auto","background-attachment":"scroll","background-type":"","background-media":"","overlay-type":"","overlay-color":"","overlay-opacity":"","overlay-gradient":""},"mobile":{"background-color":"var(--ast-global-color-5)","background-image":"","background-repeat":"repeat","background-position":"center center","background-size":"auto","background-attachment":"scroll","background-type":"","background-media":"","overlay-type":"","overlay-color":"","overlay-opacity":"","overlay-gradient":""}},"footnotes":""},"class_list":["post-2810","page","type-page","status-publish","hentry"],"_links":{"self":[{"href":"https:\/\/epccheckup.com\/nl\/wp-json\/wp\/v2\/pages\/2810","targetHints":{"allow":["GET"]}}],"collection":[{"href":"https:\/\/epccheckup.com\/nl\/wp-json\/wp\/v2\/pages"}],"about":[{"href":"https:\/\/epccheckup.com\/nl\/wp-json\/wp\/v2\/types\/page"}],"author":[{"embeddable":true,"href":"https:\/\/epccheckup.com\/nl\/wp-json\/wp\/v2\/users\/1"}],"replies":[{"embeddable":true,"href":"https:\/\/epccheckup.com\/nl\/wp-json\/wp\/v2\/comments?post=2810"}],"version-history":[{"count":0,"href":"https:\/\/epccheckup.com\/nl\/wp-json\/wp\/v2\/pages\/2810\/revisions"}],"wp:attachment":[{"href":"https:\/\/epccheckup.com\/nl\/wp-json\/wp\/v2\/media?parent=2810"}],"curies":[{"name":"wp","href":"https:\/\/api.w.org\/{rel}","templated":true}]}}