{"id":2810,"date":"2023-07-11T16:45:15","date_gmt":"2023-07-11T16:45:15","guid":{"rendered":"http:\/\/preview.epccheckup.com\/?page_id=2810"},"modified":"2023-07-23T15:10:42","modified_gmt":"2023-07-23T15:10:42","slug":"impressum","status":"publish","type":"page","link":"https:\/\/epccheckup.com\/zh\/impressum\/","title":{"rendered":"\u7248\u672c\u8bf4\u660e"},"content":{"rendered":"<div data-elementor-type=\"wp-page\" data-elementor-id=\"2810\" class=\"elementor elementor-2810\" data-elementor-post-type=\"page\">\n\t\t\t\t<div class=\"elementor-element elementor-element-ba0ad57 e-flex e-con-boxed wpr-particle-no wpr-jarallax-no wpr-parallax-no wpr-sticky-section-no e-con e-parent\" data-id=\"ba0ad57\" data-element_type=\"container\" data-e-type=\"container\">\n\t\t\t\t\t<div class=\"e-con-inner\">\n\t\t\t\t<div class=\"elementor-element elementor-element-14d48b0 elementor-widget elementor-widget-text-editor\" data-id=\"14d48b0\" data-element_type=\"widget\" data-e-type=\"widget\" data-widget_type=\"text-editor.default\">\n\t\t\t\t<div class=\"elementor-widget-container\">\n\t\t\t\t\t\t\t\t\t<div class=\"elementor-element elementor-element-04e8d2c elementor-widget elementor-widget-heading\" data-id=\"04e8d2c\" data-element_type=\"widget\" data-widget_type=\"heading.default\">\n<div class=\"elementor-widget-container\">\n<h2 class=\"elementor-heading-title elementor-size-default\">\u7248\u672c\u8bf4\u660e<\/h2>\n<div>&nbsp;<\/div>\n<\/div>\n<\/div>\n<div class=\"elementor-element elementor-element-bdd8ece elementor-widget elementor-widget-text-editor\" data-id=\"bdd8ece\" data-element_type=\"widget\" data-widget_type=\"text-editor.default\">\n<div class=\"elementor-widget-container\">\n<div class=\"elementor-text-editor elementor-clearfix\">\n<p>\u6839\u636e\u300a\u5fb7\u56fd\u7535\u4fe1\u5a92\u4f53\u6cd5\u300b\u7b2c 5 \u6761\uff1a<br><br><\/p>\n<p>\u516c\u53f8\u540d\u79f0\u548c\u5730\u5740\uff1a<\/p>\n<p>EPC GmbH - \u6b27\u6d32\u9884\u9632\u4e2d\u5fc3<br>\u8def\u6613\u65af-\u96f7\u7eb3\u5927\u8857 6-10 \u53f7<br>40235 \u675c\u585e\u5c14\u591a\u592b<br>\u5fb7\u56fd<\/p><p>\u7535\u8bdd\uff1a0211 838 628 50<\/p><p><br><\/p>\n<p>\u603b\u7ecf\u7406\uff1a\u4e4c\u97e6-\u5c3c\u514b\u65af\u591a\u592b\u535a\u58eb\u6559\u6388<\/p><p>\u516c\u53f8\u6ce8\u518c\u5730\uff1a\u675c\u585e\u5c14\u591a\u592b<\/p><p>\u5546\u4e1a\u767b\u8bb0\uff1aHRB 72849<br>\u589e\u503c\u7a0e\u53f7\uff1aDE 256047729<\/p><p><br><\/p>\n<p><\/p>\n<\/div>\n<\/div>\n<\/div>\n<div class=\"elementor-element elementor-element-a3aa7d8 elementor-widget elementor-widget-heading\" data-id=\"a3aa7d8\" data-element_type=\"widget\" data-widget_type=\"heading.default\">\n<div class=\"elementor-widget-container\">\n<h2 class=\"elementor-heading-title elementor-size-default\">\u514d\u8d23\u58f0\u660e<\/h2><div><br><\/div>\n<\/div>\n<\/div>\n<div class=\"elementor-element elementor-element-78bfabe elementor-widget elementor-widget-text-editor\" data-id=\"78bfabe\" data-element_type=\"widget\" data-widget_type=\"text-editor.default\">\n<div class=\"elementor-widget-container\">\n<div class=\"elementor-text-editor elementor-clearfix\">\n<ol class=\"first\">\n<li class=\"first\">\n<h3>\u8d23\u4efb\u9650\u5236<\/h3>\n<p>\u672c\u7f51\u7ad9\u7684\u5185\u5bb9\u662f\u5728\u5c3d\u53ef\u80fd\u8c28\u614e\u7684\u60c5\u51b5\u4e0b\u521b\u5efa\u7684\u3002\u4f46\u662f\uff0c\u63d0\u4f9b\u65b9\u4e0d\u4fdd\u8bc1\u6240\u63d0\u4f9b\u5185\u5bb9\u7684\u51c6\u786e\u6027\u3001\u5b8c\u6574\u6027\u548c\u53ca\u65f6\u6027\u3002\u4f7f\u7528\u672c\u7f51\u7ad9\u5185\u5bb9\u7684\u98ce\u9669\u7531\u7528\u6237\u81ea\u884c\u627f\u62c5\u3002\u4ee5\u59d3\u540d\u6807\u660e\u7684\u5185\u5bb9\u4ec5\u4ee3\u8868\u4f5c\u8005\u7684\u89c2\u70b9\uff0c\u5e76\u4e0d\u603b\u662f\u63d0\u4f9b\u8005\u7684\u89c2\u70b9\u3002\u4ec5\u4f7f\u7528\u63d0\u4f9b\u65b9\u7f51\u7ad9\u5e76\u4e0d\u6784\u6210\u7528\u6237\u4e0e\u63d0\u4f9b\u65b9\u4e4b\u95f4\u7684\u4efb\u4f55\u5408\u540c\u5173\u7cfb\u3002<br><br><\/p><\/li><li><h3>\u5916\u90e8\u94fe\u63a5<\/h3>\n<p>\u672c\u7f51\u7ad9\u5305\u542b\u4e0e\u7b2c\u4e09\u65b9\u7f51\u7ad9\u7684\u94fe\u63a5\uff08\"\u5916\u90e8\u94fe\u63a5\"\uff09\u3002\u8fd9\u4e9b\u7f51\u7ad9\u7531\u5404\u81ea\u7684\u8fd0\u8425\u5546\u8d1f\u8d23\u3002\u5728\u9996\u6b21\u521b\u5efa\u5916\u90e8\u94fe\u63a5\u65f6\uff0c\u63d0\u4f9b\u8005\u68c0\u67e5\u4e86\u5916\u90e8\u5185\u5bb9\u662f\u5426\u6709\u4efb\u4f55\u8fdd\u6cd5\u884c\u4e3a\u3002\u5f53\u65f6\u672a\u53d1\u73b0\u4efb\u4f55\u8fdd\u6cd5\u884c\u4e3a\u3002\u672c\u7f51\u9875\u63d0\u4f9b\u8005\u5bf9\u94fe\u63a5\u7f51\u9875\u5f53\u524d\u548c\u672a\u6765\u7684\u8bbe\u8ba1\u548c\u5185\u5bb9\u6ca1\u6709\u4efb\u4f55\u5f71\u54cd\u3002\u5305\u542b\u5916\u90e8\u94fe\u63a5\u5e76\u4e0d\u610f\u5473\u7740\u63d0\u4f9b\u65b9\u5c06\u5f15\u7528\u6216\u94fe\u63a5\u80cc\u540e\u7684\u5185\u5bb9\u89c6\u4e3a\u81ea\u5df1\u7684\u5185\u5bb9\u3002\u5728\u6ca1\u6709\u5177\u4f53\u8fdd\u6cd5\u8ff9\u8c61\u7684\u60c5\u51b5\u4e0b\uff0c\u63d0\u4f9b\u65b9\u5bf9\u8fd9\u4e9b\u5916\u90e8\u94fe\u63a5\u8fdb\u884c\u6301\u7eed\u76d1\u63a7\u662f\u4e0d\u5408\u7406\u7684\u3002\u4f46\u662f\uff0c\u5982\u679c\u53d1\u73b0\u6709\u8fdd\u6cd5\u884c\u4e3a\uff0c\u8fd9\u4e9b\u5916\u90e8\u94fe\u63a5\u5c06\u88ab\u7acb\u5373\u5220\u9664\u3002<br><br><\/p>\n<\/li>\n<li>\n<h3>\u7248\u6743\u548c\u90bb\u63a5\u6743<\/h3>\n<p>\u672c\u7f51\u7ad9\u53d1\u5e03\u7684\u5185\u5bb9\u53d7\u5fb7\u56fd\u7248\u6743\u6cd5\u53ca\u5176\u9644\u5c5e\u7248\u6743\u6cd5\u7684\u4fdd\u62a4\u3002\u4efb\u4f55\u672a\u7ecf\u5fb7\u56fd\u7248\u6743\u6cd5\u53ca\u5176\u9644\u5c5e\u7248\u6743\u6cd5\u8bb8\u53ef\u7684\u4f7f\u7528\u5747\u9700\u4e8b\u5148\u83b7\u5f97\u63d0\u4f9b\u8005\u6216\u76f8\u5173\u6743\u5229\u4eba\u7684\u4e66\u9762\u540c\u610f\u3002\u8fd9\u5c24\u5176\u9002\u7528\u4e8e\u6570\u636e\u5e93\u6216\u5176\u4ed6\u7535\u5b50\u5a92\u4f53\u548c\u7cfb\u7edf\u4e2d\u5185\u5bb9\u7684\u590d\u5236\u3001\u7f16\u8f91\u3001\u7ffb\u8bd1\u3001\u5b58\u50a8\u3001\u5904\u7406\u6216\u518d\u73b0\u3002\u7b2c\u4e09\u65b9\u5185\u5bb9\u548c\u6743\u5229\u5747\u5df2\u6807\u660e\u3002\u672a\u7ecf\u6388\u6743\u4e0d\u5f97\u590d\u5236\u6216\u4f20\u64ad\u4e2a\u522b\u5185\u5bb9\u6216\u5b8c\u6574\u9875\u9762\uff0c\u5426\u5219\u5c06\u53d7\u5230\u6cd5\u5f8b\u5236\u88c1\u3002\u53ea\u5141\u8bb8\u4e3a\u4e2a\u4eba\u3001\u79c1\u4eba\u548c\u975e\u5546\u4e1a\u7528\u9014\u5236\u4f5c\u526f\u672c\u548c\u4e0b\u8f7d\u3002\u53ea\u6709\u5728\u83b7\u5f97\u4e66\u9762\u8bb8\u53ef\u7684\u60c5\u51b5\u4e0b\uff0c\u65b9\u53ef\u5728\u5916\u90e8\u6846\u67b6\u4e2d\u663e\u793a\u672c\u7f51\u7ad9\u3002<br><br><\/p>\n<\/li>\n<li>\n<h3>\u7279\u6b8a\u4f7f\u7528\u6761\u6b3e<\/h3>\n<p>\u5982\u679c\u4e2a\u522b\u4f7f\u7528\u672c\u7f51\u7ad9\u7684\u7279\u6b8a\u6761\u4ef6\u4e0e\u4e0a\u8ff0\u7b2c 1 \u81f3 4 \u6761\u6709\u51fa\u5165\uff0c\u5219\u5c06\u5728\u9002\u5f53\u4f4d\u7f6e\u660e\u786e\u8bf4\u660e\u3002\u5728\u8fd9\u79cd\u60c5\u51b5\u4e0b\uff0c\u7279\u6b8a\u4f7f\u7528\u6761\u6b3e\u5c06\u9002\u7528\u4e8e\u4e2a\u522b\u60c5\u51b5\u3002<\/p>\n<p>\u6765\u6e90\uff1a www.Juraforum.de - \u63d0\u4f9b\u5f8b\u5e08\u641c\u7d22\u7684\u6cd5\u5f8b\u95e8\u6237\u7f51\u7ad9<\/p>\n<\/li>\n<\/ol>\n<\/div>\n<\/div>\n<\/div>\t\t\t\t\t\t\t\t<\/div>\n\t\t\t\t<\/div>\n\t\t\t\t\t<\/div>\n\t\t\t\t<\/div>\n\t\t\t\t<\/div>","protected":false},"excerpt":{"rendered":"<p>\u6839\u636e Telemediengesetz \u00a7 5 \u7684\u89c4\u5b9a\uff1a\u516c\u53f8\u540d\u79f0\u548c\u5730\u5740\uff1a EPC GmbH - European Prevention CenterLuise-Rainer-Stra\u00dfe 6-1040235 D\u00fcsseldorfGermany Tel: 0211 838 628 50 Managing Director: Prof. Dr Uwe Nixdorff Registered office of the company: D\u00fcsseldorf Commercial Register: HRB 72849USt-Id.-Nr.: DE 256047729 Disclaimer\uff1a\u8d23\u4efb\u9650\u5236 \u672c\u7f51\u7ad9\u7684\u5185\u5bb9\u662f\u5728\u5c3d\u53ef\u80fd\u8c28\u614e\u7684\u60c5\u51b5\u4e0b\u7f16\u5199\u7684\u3002\u4f46\u662f\uff0c\u672c\u7f51\u9875\u63d0\u4f9b\u8005\u5bf9\u6240\u63d0\u4f9b\u5185\u5bb9\u7684\u51c6\u786e\u6027\u3001\u5b8c\u6574\u6027\u548c\u53ca\u65f6\u6027\u4e0d\u627f\u62c5\u4efb\u4f55\u8d23\u4efb\u3002\u4f7f\u7528\u672c\u7f51\u7ad9\u5185\u5bb9\u7684\u98ce\u9669\u7531\u7528\u6237\u81ea\u884c\u627f\u62c5\u3002\u6807\u6709\u4f5c\u8005\u59d3\u540d\u7684\u5185\u5bb9\u4ec5\u4ee3\u8868\u4f5c\u8005\u4e2a\u4eba\u89c2\u70b9\uff0c\u5e76\u4e0d\u4ee3\u8868\u672c\u7f51\u9875\u63d0\u4f9b\u8005\u7684\u89c2\u70b9\u3002\u4ec5\u4f7f\u7528\u63d0\u4f9b\u8005\u7684\u7f51\u7ad9\u5e76\u4e0d\u610f\u5473\u7740\u7528\u6237\u4e0e\u63d0\u4f9b\u8005\u4e4b\u95f4\u5efa\u7acb\u4e86\u4efb\u4f55\u5408\u540c\u5173\u7cfb\u3002\u5916\u90e8\u94fe\u63a5 \u672c\u7f51\u7ad9\u5305\u542b\u4e0e\u7b2c\u4e09\u65b9\u7f51\u7ad9\u7684\u94fe\u63a5\uff08\"\u5916\u90e8\u94fe\u63a5\"\uff09\u3002\u8fd9\u4e9b\u7f51\u7ad9\u7684\u8d23\u4efb\u7531\u5404\u81ea\u7684\u8fd0\u8425\u5546\u627f\u62c5\u3002\u5728\u9996\u6b21\u521b\u5efa\u5916\u90e8\u94fe\u63a5\u65f6\uff0c\u63d0\u4f9b\u65b9\u68c0\u67e5\u4e86\u7b2c\u4e09\u65b9\u5185\u5bb9\u662f\u5426\u6709\u4efb\u4f55\u8fdd\u6cd5\u884c\u4e3a\u3002\u5f53\u65f6\u672a\u53d1\u73b0\u4efb\u4f55\u8fdd\u6cd5\u884c\u4e3a\u3002\u672c\u7f51\u9875\u63d0\u4f9b\u8005\u5bf9\u94fe\u63a5\u7f51\u9875\u5f53\u524d\u548c\u672a\u6765\u7684\u8bbe\u8ba1\u548c\u5185\u5bb9\u6ca1\u6709\u4efb\u4f55\u5f71\u54cd\u3002\u5305\u542b\u5916\u90e8\u94fe\u63a5\u5e76\u4e0d\u610f\u5473\u7740\u63d0\u4f9b\u65b9\u5c06\u5f15\u7528\u6216\u94fe\u63a5\u80cc\u540e\u7684\u5185\u5bb9\u89c6\u4e3a\u81ea\u5df1\u7684\u5185\u5bb9\u3002\u5728\u6ca1\u6709\u5177\u4f53\u8fdd\u6cd5\u8bc1\u636e\u7684\u60c5\u51b5\u4e0b\uff0c\u63d0\u4f9b\u65b9\u5bf9\u8fd9\u4e9b\u5916\u90e8\u94fe\u63a5\u8fdb\u884c\u6301\u7eed\u76d1\u63a7\u662f\u4e0d\u5408\u7406\u7684\u3002\u4f46\u662f\uff0c\u5982\u679c\u63d0\u4f9b\u65b9\u53d1\u73b0\u4efb\u4f55\u8fdd\u6cd5\u884c\u4e3a\uff0c\u5c06\u7acb\u5373\u5220\u9664\u8fd9\u4e9b\u5916\u90e8\u94fe\u63a5\u3002\u7248\u6743\u548c\u8f85\u52a9\u7248\u6743 \u672c\u7f51\u7ad9\u53d1\u5e03\u7684\u5185\u5bb9\u53d7\u5fb7\u56fd\u7248\u6743\u6cd5\u548c\u8f85\u52a9\u7248\u6743\u6cd5\u7684\u4fdd\u62a4\u3002\u4efb\u4f55\u672a\u7ecf\u5fb7\u56fd\u7248\u6743\u6cd5\u548c\u8f85\u52a9\u7248\u6743\u6cd5\u6388\u6743\u7684\u4f7f\u7528\u5747\u9700\u4e8b\u5148\u83b7\u5f97\u63d0\u4f9b\u65b9\u6216\u76f8\u5173\u6743\u5229\u4eba\u7684\u4e66\u9762\u540c\u610f\u3002\u8fd9\u5c24\u5176\u9002\u7528\u4e8e\u6570\u636e\u5e93\u6216\u5176\u4ed6\u7535\u5b50\u5a92\u4f53\u548c\u7cfb\u7edf\u4e2d\u5185\u5bb9\u7684\u590d\u5236\u3001\u7f16\u8f91\u3001\u7ffb\u8bd1\u3001\u5b58\u50a8\u3001\u5904\u7406\u6216\u518d\u73b0\u3002\u7b2c\u4e09\u65b9\u5185\u5bb9\u548c\u6743\u5229\u5747\u6807\u6ce8\u4e3a\u7b2c\u4e09\u65b9\u5185\u5bb9\u548c\u6743\u5229\u3002\u672a\u7ecf\u6388\u6743\u4e0d\u5f97\u590d\u5236\u6216\u4f20\u64ad\u4e2a\u522b\u5185\u5bb9\u6216\u5b8c\u6574\u9875\u9762\uff0c\u5426\u5219\u5c06\u53d7\u5230\u6cd5\u5f8b\u5236\u88c1\u3002\u53ea\u5141\u8bb8\u4e3a\u4e2a\u4eba\u3001\u79c1\u4eba\u548c\u975e\u5546\u4e1a\u7528\u9014\u5236\u4f5c\u526f\u672c\u548c\u4e0b\u8f7d\u3002\u53ea\u6709\u5728\u83b7\u5f97\u4e66\u9762\u6388\u6743\u7684\u60c5\u51b5\u4e0b\uff0c\u624d\u5141\u8bb8\u5728\u5916\u90e8\u6846\u67b6\u4e2d\u5c55\u793a\u672c\u7f51\u7ad9\u3002\u7279\u6b8a\u4f7f\u7528\u6761\u4ef6 \u5982\u679c\u4e2a\u522b\u4f7f\u7528\u672c\u7f51\u7ad9\u7684\u7279\u6b8a\u6761\u4ef6\u4e0e\u4e0a\u8ff0\u7b2c 1 \u81f3\u7b2c 4 \u6761\u6709\u51fa\u5165\uff0c\u5c06\u5728\u9002\u5f53\u7684\u5730\u65b9\u660e\u786e\u8bf4\u660e\u3002\u5728\u8fd9\u79cd\u60c5\u51b5\u4e0b\uff0c\u7279\u6b8a\u4f7f\u7528\u6761\u4ef6\u9002\u7528\u4e8e\u6bcf\u79cd\u60c5\u51b5\u3002\u6765\u6e90\uff1a www.Juraforum.de - \u63d0\u4f9b\u5f8b\u5e08\u641c\u7d22\u7684\u6cd5\u5f8b\u95e8\u6237\u7f51\u7ad9<\/p>","protected":false},"author":1,"featured_media":0,"parent":0,"menu_order":0,"comment_status":"closed","ping_status":"closed","template":"","meta":{"site-sidebar-layout":"no-sidebar","site-content-layout":"page-builder","ast-site-content-layout":"default","site-content-style":"default","site-sidebar-style":"default","ast-global-header-display":"","ast-banner-title-visibility":"","ast-main-header-display":"","ast-hfb-above-header-display":"","ast-hfb-below-header-display":"","ast-hfb-mobile-header-display":"","site-post-title":"disabled","ast-breadcrumbs-content":"","ast-featured-img":"disabled","footer-sml-layout":"","ast-disable-related-posts":"","theme-transparent-header-meta":"","adv-header-id-meta":"","stick-header-meta":"","header-above-stick-meta":"","header-main-stick-meta":"","header-below-stick-meta":"","astra-migrate-meta-layouts":"default","ast-page-background-enabled":"default","ast-page-background-meta":{"desktop":{"background-color":"var(--ast-global-color-4)","background-image":"","background-repeat":"repeat","background-position":"center center","background-size":"auto","background-attachment":"scroll","background-type":"","background-media":"","overlay-type":"","overlay-color":"","overlay-opacity":"","overlay-gradient":""},"tablet":{"background-color":"","background-image":"","background-repeat":"repeat","background-position":"center center","background-size":"auto","background-attachment":"scroll","background-type":"","background-media":"","overlay-type":"","overlay-color":"","overlay-opacity":"","overlay-gradient":""},"mobile":{"background-color":"","background-image":"","background-repeat":"repeat","background-position":"center center","background-size":"auto","background-attachment":"scroll","background-type":"","background-media":"","overlay-type":"","overlay-color":"","overlay-opacity":"","overlay-gradient":""}},"ast-content-background-meta":{"desktop":{"background-color":"var(--ast-global-color-5)","background-image":"","background-repeat":"repeat","background-position":"center center","background-size":"auto","background-attachment":"scroll","background-type":"","background-media":"","overlay-type":"","overlay-color":"","overlay-opacity":"","overlay-gradient":""},"tablet":{"background-color":"var(--ast-global-color-5)","background-image":"","background-repeat":"repeat","background-position":"center center","background-size":"auto","background-attachment":"scroll","background-type":"","background-media":"","overlay-type":"","overlay-color":"","overlay-opacity":"","overlay-gradient":""},"mobile":{"background-color":"var(--ast-global-color-5)","background-image":"","background-repeat":"repeat","background-position":"center center","background-size":"auto","background-attachment":"scroll","background-type":"","background-media":"","overlay-type":"","overlay-color":"","overlay-opacity":"","overlay-gradient":""}},"footnotes":""},"class_list":["post-2810","page","type-page","status-publish","hentry"],"_links":{"self":[{"href":"https:\/\/epccheckup.com\/zh\/wp-json\/wp\/v2\/pages\/2810","targetHints":{"allow":["GET"]}}],"collection":[{"href":"https:\/\/epccheckup.com\/zh\/wp-json\/wp\/v2\/pages"}],"about":[{"href":"https:\/\/epccheckup.com\/zh\/wp-json\/wp\/v2\/types\/page"}],"author":[{"embeddable":true,"href":"https:\/\/epccheckup.com\/zh\/wp-json\/wp\/v2\/users\/1"}],"replies":[{"embeddable":true,"href":"https:\/\/epccheckup.com\/zh\/wp-json\/wp\/v2\/comments?post=2810"}],"version-history":[{"count":0,"href":"https:\/\/epccheckup.com\/zh\/wp-json\/wp\/v2\/pages\/2810\/revisions"}],"wp:attachment":[{"href":"https:\/\/epccheckup.com\/zh\/wp-json\/wp\/v2\/media?parent=2810"}],"curies":[{"name":"wp","href":"https:\/\/api.w.org\/{rel}","templated":true}]}}